{"id":3,"date":"2007-06-09T21:22:56","date_gmt":"2007-06-09T19:22:56","guid":{"rendered":"http:\/\/drone-zone.org\/lyon2013\/blog\/?page_id=3"},"modified":"2007-06-10T00:32:27","modified_gmt":"2007-06-09T22:32:27","slug":"accueil","status":"publish","type":"page","link":"http:\/\/drone-zone.org\/lyon2013\/blog\/","title":{"rendered":"Accueil"},"content":{"rendered":"<p>Bienvenue sur le blog le plus ennuyeux d&rsquo;Europe. Lyon, petite bourgade provinciale coinc\u00e9e entre deux ruisseaux, a l&rsquo;ambition de devenir Capitale Europ\u00e9enne de l&rsquo;ennui. Oui, toi aussi participe \u00e0 cette op\u00e9ration totalement inepte ! Tapote sur ton petit clavier pour exprimer \u00e0 quel point tu t&rsquo;ennuies dans la sous-pr\u00e9fecture des Gaules !<\/p>\n<p>Tu as fais le tour des charmes frelat\u00e9s de Lyon ? Tu ne quittes plus ton poste de t\u00e9l\u00e9vision que pour aller acheter ta baguette \u00e0 Monoprix ? Tu bailles \u00e0 t&rsquo;en d\u00e9crocher la m\u00e2choire en lisant les pages culture de Lyon Magazine ?<\/p>\n<p>Parfait ! Mais on peut encore faire pire : ce site, fantastique espace de d\u00e9magogie participative, t&rsquo;est ouvert ! Fais-nous part de tes id\u00e9es les plus ennuyeuses, et tu seras peut-\u00eatre s\u00e9lectionn\u00e9 pour assister \u00e0 une conf\u00e9rence-d\u00e9bat de M. l&rsquo;Adjoint-chef \u00e0 la Culture sur \u00ab\u00a0<em>Le maillage territorial des institutions culturelles et la professionnalisation des musiques actuelles<\/em>\u00a0\u00bb \u00e0 l&rsquo;H\u00f4tel de Ville ! Gratuit en plus ! Dingue, non ?<\/p>\n<p>Pour cela, il suffit de <a href=\"http:\/\/drone-zone.org\/lyon2013\/blog\/wp-login.php?action=register\">s&rsquo;inscrire<\/a> et de commencer \u00e0 poster, ou alors de laisser des commentaires comme sur tous les blogs.<\/p>\n<p>Lyon, capitale europ\u00e9enne de l&rsquo;ennui : ensemble, on peut le faire !<\/p>\n","protected":false},"excerpt":{"rendered":"<p>Bienvenue sur le blog le plus ennuyeux d&rsquo;Europe. Lyon, petite bourgade provinciale coinc\u00e9e entre deux ruisseaux, a l&rsquo;ambition de devenir Capitale Europ\u00e9enne de l&rsquo;ennui. Oui, &hellip;<\/p>\n","protected":false},"author":2,"featured_media":0,"parent":0,"menu_order":1,"comment_status":"closed","ping_status":"closed","template":"","meta":{"footnotes":""},"_links":{"self":[{"href":"http:\/\/drone-zone.org\/lyon2013\/blog\/index.php?rest_route=\/wp\/v2\/pages\/3"}],"collection":[{"href":"http:\/\/drone-zone.org\/lyon2013\/blog\/index.php?rest_route=\/wp\/v2\/pages"}],"about":[{"href":"http:\/\/drone-zone.org\/lyon2013\/blog\/index.php?rest_route=\/wp\/v2\/types\/page"}],"author":[{"embeddable":true,"href":"http:\/\/drone-zone.org\/lyon2013\/blog\/index.php?rest_route=\/wp\/v2\/users\/2"}],"replies":[{"embeddable":true,"href":"http:\/\/drone-zone.org\/lyon2013\/blog\/index.php?rest_route=%2Fwp%2Fv2%2Fcomments&post=3"}],"version-history":[{"count":0,"href":"http:\/\/drone-zone.org\/lyon2013\/blog\/index.php?rest_route=\/wp\/v2\/pages\/3\/revisions"}],"wp:attachment":[{"href":"http:\/\/drone-zone.org\/lyon2013\/blog\/index.php?rest_route=%2Fwp%2Fv2%2Fmedia&parent=3"}],"curies":[{"name":"wp","href":"https:\/\/api.w.org\/{rel}","templated":true}]}}